{"id":3,"date":"2025-03-19T09:48:20","date_gmt":"2025-03-19T09:48:20","guid":{"rendered":"https:\/\/nextgenbiz.pt\/?page_id=3"},"modified":"2025-05-02T11:37:09","modified_gmt":"2025-05-02T11:37:09","slug":"politica-privacidade","status":"publish","type":"page","link":"https:\/\/nextgenbiz.pt\/index.php\/politica-privacidade\/","title":{"rendered":"Pol\u00edtica de privacidade &#038; Cookies"},"content":{"rendered":"\t\t<div data-elementor-type=\"wp-page\" data-elementor-id=\"3\" class=\"elementor elementor-3\" data-elementor-post-type=\"page\">\n\t\t\t\t<div class=\"elementor-element elementor-element-e819be5 e-flex e-con-boxed e-con e-parent\" data-id=\"e819be5\" data-element_type=\"container\" data-e-type=\"container\" data-settings=\"{&quot;background_background&quot;:&quot;classic&quot;}\">\n\t\t\t\t\t<div class=\"e-con-inner\">\n\t\t\t\t<div class=\"elementor-element elementor-element-04bef4b elementor-widget elementor-widget-text-editor\" data-id=\"04bef4b\" data-element_type=\"widget\" data-e-type=\"widget\" data-widget_type=\"text-editor.default\">\n\t\t\t\t<div class=\"elementor-widget-container\">\n\t\t\t\t\t\t\t\t\t<h4><strong>Os teus dados est\u00e3o seguros connosco!<\/strong><\/h4>\n<p>A NextGen Biz valoriza a tua privacidade e est\u00e1 comprometida com a prote\u00e7\u00e3o dos teus dados pessoais. Esta Pol\u00edtica de Privacidade explica como recolhemos, usamos, armazenamos e protegemos as tuas informa\u00e7\u00f5es quando utilizas o nosso site, subscreve a nossa newsletter ou inscreve-te em eventos, workshops e forma\u00e7\u00f5es. A NextGen Biz cumpre todas as exig\u00eancias do Regulamento Geral de Prote\u00e7\u00e3o de Dados (RGPD).<strong><br \/><\/strong><\/p>\n<p>\u00a0<\/p>\n<div class=\"elementor-element elementor-element-7afb2e4 elementor-widget elementor-widget-heading\" data-id=\"7afb2e4\" data-element_type=\"widget\" data-widget_type=\"heading.default\">\n<div class=\"elementor-widget-container\">\n<p class=\"elementor-heading-title elementor-size-default\"><strong><br \/>Respons\u00e1vel pelo tratamento de dados<br \/><\/strong><\/p>\n<\/div>\n<\/div>\n<div class=\"elementor-element elementor-element-fb67bb8 elementor-widget elementor-widget-text-editor\" data-id=\"fb67bb8\" data-element_type=\"widget\" data-widget_type=\"text-editor.default\">\n<div class=\"elementor-widget-container\">\n<p>Zebra Protagonista Unipessoal LDA<br \/>Rua D. Afonso Henriques n\u00ba70<br \/>4700 \u2013 214 Braga<br \/>Portugal<br \/>NIF: PT 514688670<br \/>E-mail:\u00a0<a href=\"mailto:hello@nextgenbiz.pt\">hello@nextgenbiz.pt<\/a><br \/>Site:<a href=\"https:\/\/nextgenbiz.pt\/\" target=\"_blank\" rel=\"noopener\">\u00a0www.nextgenbiz.pt<\/a><\/p>\n<\/div>\n<p>\u00a0<\/p>\n<\/div>\n<p><strong>Que dados recolhemos?<\/strong><\/p>\n<p><span style=\"text-decoration: underline;\">Para inscri\u00e7\u00e3o:<\/span> Nome, idade, contacto telef\u00f3nico, email e morada.<\/p>\n<p><span style=\"text-decoration: underline;\">Para pagamentos:<\/span> Apenas comprovativos (n\u00e3o guardamos dados banc\u00e1rios)<\/p>\n<p><span style=\"text-decoration: underline;\">Durante o evento:<\/span> Fotos\/v\u00eddeos (apenas com a tua autoriza\u00e7\u00e3o ou do teu encarregado de educa\u00e7\u00e3o)<\/p>\n<p>\u00a0<\/p>\n<p><strong>Como usamos os teus dados?<\/strong><\/p>\n<p>Usamos para gerir a tua participa\u00e7\u00e3o no bootcamp.<\/p>\n<p>Usamos para te enviar informa\u00e7\u00f5es importantes.<\/p>\n<p>Usamos para criar o teu certificado de participa\u00e7\u00e3o do bootcamp.<\/p>\n<p>Usamos para melhorar nossos servi\u00e7os.<\/p>\n<p>\u00a0<\/p>\n<p><strong>Quais s\u00e3o os teus direitos?<\/strong><\/p>\n<p>Podes sempre pedir uma c\u00f3pia dos teus dados.<\/p>\n<p>Podes corrigir informa\u00e7\u00f5es.<\/p>\n<p>Podes pedir para eliminar os teus dados sempre que desejares.<\/p>\n<p>Para exercer os teus direitos, basta contactar-nos atrav\u00e9s do e-mail <a href=\"mailto:hello@nextgenbiz.pt\">hello@nextgenbiz.pt<\/a><\/p>\n<p>\u00a0<\/p>\n<p><strong>COOKIES<br \/><\/strong>O nosso site utiliza cookies para melhorar a tua experi\u00eancia de navega\u00e7\u00e3o. Estes pequenos ficheiros s\u00e3o armazenados no teu dispositivo e ajudam-nos a analisar o tr\u00e1fego do site e a personalizar o conte\u00fado. Podes gerir as prefer\u00eancias de cookies no teu navegador ou rejeitar o uso dos mesmos, mas isso pode afetar a funcionalidade do site. A lista de cookies utilizados no site da NextGen Biz inclui os seguintes:<\/p>\n<ul>\n<li>Google Analytics (_ga) \u2013 Usado para distinguir visitantes, armazenando informa\u00e7\u00f5es sobre como os utilizadores interagem com o site.<\/li>\n<li>Google Analytics (_gid) \u2013 Tamb\u00e9m utilizado para diferenciar os visitantes durante o uso do site, permitindo uma an\u00e1lise mais detalhada de suas a\u00e7\u00f5es.<\/li>\n<\/ul>\n<p>Estes cookies ajudam a melhorar o desempenho e a experi\u00eancia de navega\u00e7\u00e3o dos utilizadores no site, facilitando a an\u00e1lise de tr\u00e1fego e comportamento\u200b.<br \/><br \/><strong>Altera\u00e7\u00f5es \u00e0 Pol\u00edtica de Privacidade<br \/><\/strong>A NextGen Biz reserva-se no direito de alterar esta Pol\u00edtica de Privacidade a qualquer momento. Qualquer altera\u00e7\u00e3o ser\u00e1 publicada no nosso site e comunicada, se necess\u00e1rio. Recomendamos que consultes esta p\u00e1gina regularmente para te manter informado(a).<\/p>\n<p>\u00a0<\/p>\n<p><strong>Contacto<br \/><\/strong><span style=\"font-family: -apple-system, BlinkMacSystemFont, 'Segoe UI', Roboto, 'Helvetica Neue', Arial, 'Noto Sans', sans-serif, 'Apple Color Emoji', 'Segoe UI Emoji', 'Segoe UI Symbol', 'Noto Color Emoji';\">Se tiveres alguma d\u00favida sobre esta Pol\u00edtica de Privacidade ou sobre como tratamos os seus dados pessoais, n\u00e3o hesite em contactar-nos atrav\u00e9s do e-mail <a href=\"mailto:hello@nextgenbiz.pt\">hello@nextgenbiz.pt<\/a>.<\/span><\/p>\t\t\t\t\t\t\t\t<\/div>\n\t\t\t\t<\/div>\n\t\t\t\t<div class=\"elementor-element elementor-element-3b4f110 elementor-widget elementor-widget-heading\" data-id=\"3b4f110\" data-element_type=\"widget\" data-e-type=\"widget\" data-widget_type=\"heading.default\">\n\t\t\t\t<div class=\"elementor-widget-container\">\n\t\t\t\t\t<p class=\"elementor-heading-title elementor-size-default\">\u00daltima atualiza\u00e7\u00e3o: 2 de maio de 2025<\/p>\t\t\t\t<\/div>\n\t\t\t\t<\/div>\n\t\t\t\t\t<\/div>\n\t\t\t\t<\/div>\n\t\t\t\t<\/div>\n\t\t","protected":false},"excerpt":{"rendered":"<p>Os teus dados est\u00e3o seguros connosco! A NextGen Biz valoriza a tua privacidade e est\u00e1 comprometida com a prote\u00e7\u00e3o dos teus dados pessoais. Esta Pol\u00edtica de Privacidade explica como recolhemos, usamos, armazenamos e protegemos as tuas informa\u00e7\u00f5es quando utilizas o nosso site, subscreve a nossa newsletter ou inscreve-te em eventos, workshops e forma\u00e7\u00f5es. A NextGen [&hellip;]<\/p>\n","protected":false},"author":1,"featured_media":0,"parent":0,"menu_order":0,"comment_status":"closed","ping_status":"open","template":"elementor_header_footer","meta":{"footnotes":""},"class_list":["post-3","page","type-page","status-publish","hentry"],"yoast_head":"<!-- This site is optimized with the Yoast SEO plugin v27.0 - https:\/\/yoast.com\/product\/yoast-seo-wordpress\/ -->\n<title>Pol\u00edtica de privacidade &amp; Cookies - Nextgen Biz<\/title>\n<meta name=\"robots\" content=\"index, follow, max-snippet:-1, max-image-preview:large, max-video-preview:-1\" \/>\n<link rel=\"canonical\" href=\"https:\/\/nextgenbiz.pt\/index.php\/politica-privacidade\/\" \/>\n<meta property=\"og:locale\" content=\"pt_PT\" \/>\n<meta property=\"og:type\" content=\"article\" \/>\n<meta property=\"og:title\" content=\"Pol\u00edtica de privacidade &amp; Cookies - Nextgen Biz\" \/>\n<meta property=\"og:description\" content=\"Os teus dados est\u00e3o seguros connosco! A NextGen Biz valoriza a tua privacidade e est\u00e1 comprometida com a prote\u00e7\u00e3o dos teus dados pessoais. Esta Pol\u00edtica de Privacidade explica como recolhemos, usamos, armazenamos e protegemos as tuas informa\u00e7\u00f5es quando utilizas o nosso site, subscreve a nossa newsletter ou inscreve-te em eventos, workshops e forma\u00e7\u00f5es. A NextGen [&hellip;]\" \/>\n<meta property=\"og:url\" content=\"https:\/\/nextgenbiz.pt\/index.php\/politica-privacidade\/\" \/>\n<meta property=\"og:site_name\" content=\"Nextgen Biz\" \/>\n<meta property=\"article:modified_time\" content=\"2025-05-02T11:37:09+00:00\" \/>\n<meta name=\"twitter:card\" content=\"summary_large_image\" \/>\n<meta name=\"twitter:label1\" content=\"Tempo estimado de leitura\" \/>\n\t<meta name=\"twitter:data1\" content=\"3 minutos\" \/>\n<script type=\"application\/ld+json\" class=\"yoast-schema-graph\">{\"@context\":\"https:\/\/schema.org\",\"@graph\":[{\"@type\":\"WebPage\",\"@id\":\"https:\/\/nextgenbiz.pt\/index.php\/politica-privacidade\/\",\"url\":\"https:\/\/nextgenbiz.pt\/index.php\/politica-privacidade\/\",\"name\":\"Pol\u00edtica de privacidade & Cookies - Nextgen Biz\",\"isPartOf\":{\"@id\":\"https:\/\/nextgenbiz.pt\/#website\"},\"datePublished\":\"2025-03-19T09:48:20+00:00\",\"dateModified\":\"2025-05-02T11:37:09+00:00\",\"breadcrumb\":{\"@id\":\"https:\/\/nextgenbiz.pt\/index.php\/politica-privacidade\/#breadcrumb\"},\"inLanguage\":\"pt-PT\",\"potentialAction\":[{\"@type\":\"ReadAction\",\"target\":[\"https:\/\/nextgenbiz.pt\/index.php\/politica-privacidade\/\"]}]},{\"@type\":\"BreadcrumbList\",\"@id\":\"https:\/\/nextgenbiz.pt\/index.php\/politica-privacidade\/#breadcrumb\",\"itemListElement\":[{\"@type\":\"ListItem\",\"position\":1,\"name\":\"In\u00edcio\",\"item\":\"https:\/\/nextgenbiz.pt\/\"},{\"@type\":\"ListItem\",\"position\":2,\"name\":\"Pol\u00edtica de privacidade &#038; Cookies\"}]},{\"@type\":\"WebSite\",\"@id\":\"https:\/\/nextgenbiz.pt\/#website\",\"url\":\"https:\/\/nextgenbiz.pt\/\",\"name\":\"Nextgen Biz\",\"description\":\"Bootcamp de empreendedorismo jovem.\",\"publisher\":{\"@id\":\"https:\/\/nextgenbiz.pt\/#organization\"},\"potentialAction\":[{\"@type\":\"SearchAction\",\"target\":{\"@type\":\"EntryPoint\",\"urlTemplate\":\"https:\/\/nextgenbiz.pt\/?s={search_term_string}\"},\"query-input\":{\"@type\":\"PropertyValueSpecification\",\"valueRequired\":true,\"valueName\":\"search_term_string\"}}],\"inLanguage\":\"pt-PT\"},{\"@type\":\"Organization\",\"@id\":\"https:\/\/nextgenbiz.pt\/#organization\",\"name\":\"Nextgen Biz\",\"url\":\"https:\/\/nextgenbiz.pt\/\",\"logo\":{\"@type\":\"ImageObject\",\"inLanguage\":\"pt-PT\",\"@id\":\"https:\/\/nextgenbiz.pt\/#\/schema\/logo\/image\/\",\"url\":\"https:\/\/nextgenbiz.pt\/wp-content\/uploads\/2025\/03\/logo.svg\",\"contentUrl\":\"https:\/\/nextgenbiz.pt\/wp-content\/uploads\/2025\/03\/logo.svg\",\"caption\":\"Nextgen Biz\"},\"image\":{\"@id\":\"https:\/\/nextgenbiz.pt\/#\/schema\/logo\/image\/\"}}]}<\/script>\n<!-- \/ Yoast SEO plugin. -->","yoast_head_json":{"title":"Pol\u00edtica de privacidade & Cookies - Nextgen Biz","robots":{"index":"index","follow":"follow","max-snippet":"max-snippet:-1","max-image-preview":"max-image-preview:large","max-video-preview":"max-video-preview:-1"},"canonical":"https:\/\/nextgenbiz.pt\/index.php\/politica-privacidade\/","og_locale":"pt_PT","og_type":"article","og_title":"Pol\u00edtica de privacidade & Cookies - Nextgen Biz","og_description":"Os teus dados est\u00e3o seguros connosco! A NextGen Biz valoriza a tua privacidade e est\u00e1 comprometida com a prote\u00e7\u00e3o dos teus dados pessoais. Esta Pol\u00edtica de Privacidade explica como recolhemos, usamos, armazenamos e protegemos as tuas informa\u00e7\u00f5es quando utilizas o nosso site, subscreve a nossa newsletter ou inscreve-te em eventos, workshops e forma\u00e7\u00f5es. A NextGen [&hellip;]","og_url":"https:\/\/nextgenbiz.pt\/index.php\/politica-privacidade\/","og_site_name":"Nextgen Biz","article_modified_time":"2025-05-02T11:37:09+00:00","twitter_card":"summary_large_image","twitter_misc":{"Tempo estimado de leitura":"3 minutos"},"schema":{"@context":"https:\/\/schema.org","@graph":[{"@type":"WebPage","@id":"https:\/\/nextgenbiz.pt\/index.php\/politica-privacidade\/","url":"https:\/\/nextgenbiz.pt\/index.php\/politica-privacidade\/","name":"Pol\u00edtica de privacidade & Cookies - Nextgen Biz","isPartOf":{"@id":"https:\/\/nextgenbiz.pt\/#website"},"datePublished":"2025-03-19T09:48:20+00:00","dateModified":"2025-05-02T11:37:09+00:00","breadcrumb":{"@id":"https:\/\/nextgenbiz.pt\/index.php\/politica-privacidade\/#breadcrumb"},"inLanguage":"pt-PT","potentialAction":[{"@type":"ReadAction","target":["https:\/\/nextgenbiz.pt\/index.php\/politica-privacidade\/"]}]},{"@type":"BreadcrumbList","@id":"https:\/\/nextgenbiz.pt\/index.php\/politica-privacidade\/#breadcrumb","itemListElement":[{"@type":"ListItem","position":1,"name":"In\u00edcio","item":"https:\/\/nextgenbiz.pt\/"},{"@type":"ListItem","position":2,"name":"Pol\u00edtica de privacidade &#038; Cookies"}]},{"@type":"WebSite","@id":"https:\/\/nextgenbiz.pt\/#website","url":"https:\/\/nextgenbiz.pt\/","name":"Nextgen Biz","description":"Bootcamp de empreendedorismo jovem.","publisher":{"@id":"https:\/\/nextgenbiz.pt\/#organization"},"potentialAction":[{"@type":"SearchAction","target":{"@type":"EntryPoint","urlTemplate":"https:\/\/nextgenbiz.pt\/?s={search_term_string}"},"query-input":{"@type":"PropertyValueSpecification","valueRequired":true,"valueName":"search_term_string"}}],"inLanguage":"pt-PT"},{"@type":"Organization","@id":"https:\/\/nextgenbiz.pt\/#organization","name":"Nextgen Biz","url":"https:\/\/nextgenbiz.pt\/","logo":{"@type":"ImageObject","inLanguage":"pt-PT","@id":"https:\/\/nextgenbiz.pt\/#\/schema\/logo\/image\/","url":"https:\/\/nextgenbiz.pt\/wp-content\/uploads\/2025\/03\/logo.svg","contentUrl":"https:\/\/nextgenbiz.pt\/wp-content\/uploads\/2025\/03\/logo.svg","caption":"Nextgen Biz"},"image":{"@id":"https:\/\/nextgenbiz.pt\/#\/schema\/logo\/image\/"}}]}},"_links":{"self":[{"href":"https:\/\/nextgenbiz.pt\/index.php\/wp-json\/wp\/v2\/pages\/3","targetHints":{"allow":["GET"]}}],"collection":[{"href":"https:\/\/nextgenbiz.pt\/index.php\/wp-json\/wp\/v2\/pages"}],"about":[{"href":"https:\/\/nextgenbiz.pt\/index.php\/wp-json\/wp\/v2\/types\/page"}],"author":[{"embeddable":true,"href":"https:\/\/nextgenbiz.pt\/index.php\/wp-json\/wp\/v2\/users\/1"}],"replies":[{"embeddable":true,"href":"https:\/\/nextgenbiz.pt\/index.php\/wp-json\/wp\/v2\/comments?post=3"}],"version-history":[{"count":6,"href":"https:\/\/nextgenbiz.pt\/index.php\/wp-json\/wp\/v2\/pages\/3\/revisions"}],"predecessor-version":[{"id":629,"href":"https:\/\/nextgenbiz.pt\/index.php\/wp-json\/wp\/v2\/pages\/3\/revisions\/629"}],"wp:attachment":[{"href":"https:\/\/nextgenbiz.pt\/index.php\/wp-json\/wp\/v2\/media?parent=3"}],"curies":[{"name":"wp","href":"https:\/\/api.w.org\/{rel}","templated":true}]}}